{"id":873,"date":"2020-01-31T17:59:35","date_gmt":"2020-01-31T17:59:35","guid":{"rendered":"https:\/\/ld-wp73.template-help.com\/wordpress\/prod_3272\/v1\/?page_id=873"},"modified":"2020-06-02T20:21:44","modified_gmt":"2020-06-02T20:21:44","slug":"spitalul-orasanesc-mioveni","status":"publish","type":"page","link":"https:\/\/i-stop.ro\/?page_id=873","title":{"rendered":"Spitalul Or\u0103\u0219\u0103nesc Mioveni"},"content":{"rendered":"\t\t<div data-elementor-type=\"wp-page\" data-elementor-id=\"873\" class=\"elementor elementor-873\" data-elementor-settings=\"[]\">\n\t\t\t\t\t\t<div class=\"elementor-inner\">\n\t\t\t\t\t\t\t<div class=\"elementor-section-wrap\">\n\t\t\t\t\t\t\t<section class=\"elementor-section elementor-top-section elementor-element elementor-element-0b59de7 elementor-section-boxed elementor-section-height-default elementor-section-height-default\" data-id=\"0b59de7\" data-element_type=\"section\">\n\t\t\t\t\t\t<div class=\"elementor-container elementor-column-gap-default\">\n\t\t\t\t\t\t\t<div class=\"elementor-row\">\n\t\t\t\t\t<div class=\"elementor-column elementor-col-100 elementor-top-column elementor-element elementor-element-70ac7db\" data-id=\"70ac7db\" data-element_type=\"column\">\n\t\t\t<div class=\"elementor-column-wrap elementor-element-populated\">\n\t\t\t\t\t\t\t<div class=\"elementor-widget-wrap\">\n\t\t\t\t\t\t<div class=\"elementor-element elementor-element-0563a9a elementor-widget elementor-widget-heading\" data-id=\"0563a9a\" data-element_type=\"widget\" data-widget_type=\"heading.default\">\n\t\t\t\t<div class=\"elementor-widget-container\">\n\t\t\t<h1 class=\"elementor-heading-title elementor-size-default\">SPITALUL ORA\u0218ANESC MIOVENI<\/h1>\t\t<\/div>\n\t\t\t\t<\/div>\n\t\t\t\t<div class=\"elementor-element elementor-element-50d3c6d elementor-widget elementor-widget-jet-slider\" data-id=\"50d3c6d\" data-element_type=\"widget\" data-widget_type=\"jet-slider.default\">\n\t\t\t\t<div class=\"elementor-widget-container\">\n\t\t\t<div class=\"elementor-jet-slider jet-elements\">\n<div class=\"jet-slider jet-slider__image-exact\" data-settings='{\"sliderWidth\":{\"unit\":\"%\",\"size\":100,\"sizes\":[]},\"sliderHeight\":{\"unit\":\"px\",\"size\":805,\"sizes\":[]},\"sliderHeightTablet\":{\"unit\":\"px\",\"size\":500,\"sizes\":[]},\"sliderHeightMobile\":{\"unit\":\"px\",\"size\":350,\"sizes\":[]},\"sliderNavigation\":true,\"sliderNavigationIcon\":\"jet-slider__arrow-icon-50d3c6d\",\"sliderNaviOnHover\":false,\"sliderPagination\":false,\"sliderAutoplay\":false,\"sliderAutoplayDelay\":5000,\"sliderAutoplayOnHover\":\"pause\",\"sliderFullScreen\":true,\"sliderFullscreenIcon\":\"jet-slider__fullscreen-icon-50d3c6d\",\"sliderShuffle\":false,\"sliderLoop\":true,\"sliderFadeMode\":false,\"slideDistance\":{\"unit\":\"px\",\"size\":0,\"sizes\":[]},\"slideDuration\":500,\"imageScaleMode\":\"exact\",\"thumbnails\":true,\"thumbnailWidth\":200,\"thumbnailWidthTablet\":120,\"thumbnailWidthMobile\":60,\"thumbnailHeight\":130,\"thumbnailHeightTablet\":90,\"thumbnailHeightMobile\":60,\"rightToLeft\":false}'>\n\t\n<div class=\"slider-pro\"><div class=\"jet-slider__arrow-icon-50d3c6d hidden-html\"><i aria-hidden=\"true\" class=\"nc-icon-outline arrows-1_minimal-left\"><\/i><\/div><div class=\"jet-slider__fullscreen-icon-50d3c6d hidden-html\"><\/div><div class=\"jet-slider__items sp-slides\">\n\n<div class=\"jet-slider__item sp-slide\"><img class=\"sp-image\" src=\"https:\/\/i-stop.ro\/wp-content\/uploads\/2020\/06\/MIOVENI3.png\" alt=\"MIOVENI3\"><img class=\"sp-thumbnail\" src=\"https:\/\/i-stop.ro\/wp-content\/uploads\/2020\/06\/MIOVENI3-150x150.png\" alt=\"MIOVENI3\"><div class=\"jet-slider__content sp-layer\" data-position=\"centerCenter\" data-width=\"100%\" data-height=\"100%\" data-horizontal=\"0%\" data-show-transition=\"up\" data-show-duration=\"400\" data-show-delay=\"400\">\n\t\t<div class=\"jet-slider__content-item\">\n\t\t\t<div class=\"jet-slider__content-inner\">\n\t\t\t\t\t\t<div class=\"jet-slider__button-wrapper\">\t\t\t\t\t\t<\/div><\/div>\n\t\t<\/div>\n\t<\/div>\n<\/div>\n\n<div class=\"jet-slider__item sp-slide\"><img class=\"sp-image\" src=\"https:\/\/i-stop.ro\/wp-content\/uploads\/2020\/06\/MIOVENI2.png\" alt=\"MIOVENI2\"><img class=\"sp-thumbnail\" src=\"https:\/\/i-stop.ro\/wp-content\/uploads\/2020\/06\/MIOVENI2-150x150.png\" alt=\"MIOVENI2\"><div class=\"jet-slider__content sp-layer\" data-position=\"centerCenter\" data-width=\"100%\" data-height=\"100%\" data-horizontal=\"0%\" data-show-transition=\"up\" data-show-duration=\"400\" data-show-delay=\"400\">\n\t\t<div class=\"jet-slider__content-item\">\n\t\t\t<div class=\"jet-slider__content-inner\">\n\t\t\t\t\t\t<div class=\"jet-slider__button-wrapper\">\t\t\t\t\t\t<\/div><\/div>\n\t\t<\/div>\n\t<\/div>\n<\/div>\n\n<div class=\"jet-slider__item sp-slide\"><img class=\"sp-image\" src=\"https:\/\/i-stop.ro\/wp-content\/uploads\/2020\/06\/MIOVENI1.png\" alt=\"MIOVENI1\"><img class=\"sp-thumbnail\" src=\"https:\/\/i-stop.ro\/wp-content\/uploads\/2020\/06\/MIOVENI1-150x150.png\" alt=\"MIOVENI1\"><div class=\"jet-slider__content sp-layer\" data-position=\"centerCenter\" data-width=\"100%\" data-height=\"100%\" data-horizontal=\"0%\" data-show-transition=\"up\" data-show-duration=\"400\" data-show-delay=\"400\">\n\t\t<div class=\"jet-slider__content-item\">\n\t\t\t<div class=\"jet-slider__content-inner\">\n\t\t\t\t\t\t<div class=\"jet-slider__button-wrapper\">\t\t\t\t\t\t<\/div><\/div>\n\t\t<\/div>\n\t<\/div>\n<\/div>\n\n<div class=\"jet-slider__item sp-slide\"><img class=\"sp-image\" src=\"https:\/\/i-stop.ro\/wp-content\/uploads\/2020\/06\/MIOVENI4.png\" alt=\"MIOVENI4\"><img class=\"sp-thumbnail\" src=\"https:\/\/i-stop.ro\/wp-content\/uploads\/2020\/06\/MIOVENI4-150x150.png\" alt=\"MIOVENI4\"><div class=\"jet-slider__content sp-layer\" data-position=\"centerCenter\" data-width=\"100%\" data-height=\"100%\" data-horizontal=\"0%\" data-show-transition=\"up\" data-show-duration=\"400\" data-show-delay=\"400\">\n\t\t<div class=\"jet-slider__content-item\">\n\t\t\t<div class=\"jet-slider__content-inner\">\n\t\t\t\t\t\t<div class=\"jet-slider__button-wrapper\">\t\t\t\t\t\t<\/div><\/div>\n\t\t<\/div>\n\t<\/div>\n<\/div>\n\n<\/div>\n<\/div>\n<\/div>\n<\/div>\t\t<\/div>\n\t\t\t\t<\/div>\n\t\t\t\t\t\t<\/div>\n\t\t\t\t\t<\/div>\n\t\t<\/div>\n\t\t\t\t\t\t\t\t<\/div>\n\t\t\t\t\t<\/div>\n\t\t<\/section>\n\t\t\t\t<section class=\"elementor-section elementor-top-section elementor-element elementor-element-ee2cc74 elementor-section-boxed elementor-section-height-default elementor-section-height-default\" data-id=\"ee2cc74\" data-element_type=\"section\">\n\t\t\t\t\t\t<div class=\"elementor-container elementor-column-gap-default\">\n\t\t\t\t\t\t\t<div class=\"elementor-row\">\n\t\t\t\t\t<div class=\"elementor-column elementor-col-50 elementor-top-column elementor-element elementor-element-54c1135\" data-id=\"54c1135\" data-element_type=\"column\">\n\t\t\t<div class=\"elementor-column-wrap elementor-element-populated\">\n\t\t\t\t\t\t\t<div class=\"elementor-widget-wrap\">\n\t\t\t\t\t\t<div class=\"elementor-element elementor-element-c887811 elementor-widget elementor-widget-text-editor\" data-id=\"c887811\" data-element_type=\"widget\" data-widget_type=\"text-editor.default\">\n\t\t\t\t<div class=\"elementor-widget-container\">\n\t\t\t\t\t<div class=\"elementor-text-editor elementor-clearfix\"><p>Proprietar:<\/p><\/div>\n\t\t\t\t<\/div>\n\t\t\t\t<\/div>\n\t\t\t\t<div class=\"elementor-element elementor-element-398e184 elementor-widget elementor-widget-text-editor\" data-id=\"398e184\" data-element_type=\"widget\" data-widget_type=\"text-editor.default\">\n\t\t\t\t<div class=\"elementor-widget-container\">\n\t\t\t\t\t<div class=\"elementor-text-editor elementor-clearfix\"><p>Municipalitatea Mioveni<\/p><\/div>\n\t\t\t\t<\/div>\n\t\t\t\t<\/div>\n\t\t\t\t<div class=\"elementor-element elementor-element-8dfc3ab elementor-widget elementor-widget-text-editor\" data-id=\"8dfc3ab\" data-element_type=\"widget\" data-widget_type=\"text-editor.default\">\n\t\t\t\t<div class=\"elementor-widget-container\">\n\t\t\t\t\t<div class=\"elementor-text-editor elementor-clearfix\"><p>Tipul Contractului:<\/p><\/div>\n\t\t\t\t<\/div>\n\t\t\t\t<\/div>\n\t\t\t\t<div class=\"elementor-element elementor-element-6f670d6 elementor-widget elementor-widget-text-editor\" data-id=\"6f670d6\" data-element_type=\"widget\" data-widget_type=\"text-editor.default\">\n\t\t\t\t<div class=\"elementor-widget-container\">\n\t\t\t\t\t<div class=\"elementor-text-editor elementor-clearfix\"><p>Implementare sistem KNX.<\/p><\/div>\n\t\t\t\t<\/div>\n\t\t\t\t<\/div>\n\t\t\t\t<div class=\"elementor-element elementor-element-d777b7a elementor-widget elementor-widget-text-editor\" data-id=\"d777b7a\" data-element_type=\"widget\" data-widget_type=\"text-editor.default\">\n\t\t\t\t<div class=\"elementor-widget-container\">\n\t\t\t\t\t<div class=\"elementor-text-editor elementor-clearfix\"><p>Antrepenor:<\/p><\/div>\n\t\t\t\t<\/div>\n\t\t\t\t<\/div>\n\t\t\t\t<div class=\"elementor-element elementor-element-81f0b1c elementor-widget elementor-widget-text-editor\" data-id=\"81f0b1c\" data-element_type=\"widget\" data-widget_type=\"text-editor.default\">\n\t\t\t\t<div class=\"elementor-widget-container\">\n\t\t\t\t\t<div class=\"elementor-text-editor elementor-clearfix\"><p>Eden Design &#8211; Pite\u0219ti<\/p><\/div>\n\t\t\t\t<\/div>\n\t\t\t\t<\/div>\n\t\t\t\t<div class=\"elementor-element elementor-element-a5c4737 elementor-widget elementor-widget-text-editor\" data-id=\"a5c4737\" data-element_type=\"widget\" data-widget_type=\"text-editor.default\">\n\t\t\t\t<div class=\"elementor-widget-container\">\n\t\t\t\t\t<div class=\"elementor-text-editor elementor-clearfix\"><p>Locatie:<\/p><\/div>\n\t\t\t\t<\/div>\n\t\t\t\t<\/div>\n\t\t\t\t<div class=\"elementor-element elementor-element-4f0d6e2 elementor-widget elementor-widget-text-editor\" data-id=\"4f0d6e2\" data-element_type=\"widget\" data-widget_type=\"text-editor.default\">\n\t\t\t\t<div class=\"elementor-widget-container\">\n\t\t\t\t\t<div class=\"elementor-text-editor elementor-clearfix\"><p>Mioveni- Arge\u0219<\/p><\/div>\n\t\t\t\t<\/div>\n\t\t\t\t<\/div>\n\t\t\t\t\t\t<\/div>\n\t\t\t\t\t<\/div>\n\t\t<\/div>\n\t\t\t\t<div class=\"elementor-column elementor-col-50 elementor-top-column elementor-element elementor-element-06570e8\" data-id=\"06570e8\" data-element_type=\"column\">\n\t\t\t<div class=\"elementor-column-wrap elementor-element-populated\">\n\t\t\t\t\t\t\t<div class=\"elementor-widget-wrap\">\n\t\t\t\t\t\t<div class=\"elementor-element elementor-element-6d46f06 elementor-widget elementor-widget-text-editor\" data-id=\"6d46f06\" data-element_type=\"widget\" data-widget_type=\"text-editor.default\">\n\t\t\t\t<div class=\"elementor-widget-container\">\n\t\t\t\t\t<div class=\"elementor-text-editor elementor-clearfix\"><div><div>Cel mai nou spital din Rom\u00e2nia este dotat bine\u00een\u021beles cu cea mai nou\u0103 tehnologie disponibil\u0103.<\/div><div>\u00a0<\/div><div>Acesta echipare realizat\u0103 de societatea noastr\u0103 are ca scop controlul sistemului de iluminat spa\u021bii comune prin amplasarea a unui num\u0103r de 250 senzori inteligen\u021bi KNX ce controleaz\u0103 circa 2400 de corpuri de iluminat utiliz\u00e2nd protocolul DALI.<\/div><div>\u00a0<\/div><div>O alt\u0103 echipare prezenta \u00een cl\u0103dire este aceea de monitorizare a st\u0103rii \u00eentrerup\u0103toarelor de protec\u021bie \u0219i distribu\u021bie.<\/div><div>\u00a0<\/div><div>Contorizarea cosumurilor de energie electric\u0103 nu a fost ocolit\u0103 \u0219i oentru acest lucuru sunt utilizate circa 50 de contoare electrice trifazate cu conexiune KNX, toate acestea fiind marca GEWISS. Toate aceste informa\u021bii sunt direc\u021bionate catre dispeceratul de control al cl\u0103dirii.<\/div><div>\u00a0<\/div><\/div><\/div>\n\t\t\t\t<\/div>\n\t\t\t\t<\/div>\n\t\t\t\t\t\t<\/div>\n\t\t\t\t\t<\/div>\n\t\t<\/div>\n\t\t\t\t\t\t\t\t<\/div>\n\t\t\t\t\t<\/div>\n\t\t<\/section>\n\t\t\t\t\t\t<\/div>\n\t\t\t\t\t\t<\/div>\n\t\t\t\t\t<\/div>\n\t\t","protected":false},"excerpt":{"rendered":"<p>SPITALUL ORA\u0218ANESC MIOVENI Proprietar: Municipalitatea Mioveni Tipul Contractului: Implementare sistem KNX. Antrepenor: Eden Design &#8211; Pite\u0219ti Locatie: Mioveni- Arge\u0219 Cel mai nou spital din Rom\u00e2nia este dotat bine\u00een\u021beles cu cea mai nou\u0103 tehnologie disponibil\u0103.\u00a0Acesta echipare realizat\u0103 de societatea noastr\u0103 are ca scop controlul sistemului de iluminat spa\u021bii comune prin amplasarea a unui num\u0103r de 250 [&hellip;]<\/p>\n","protected":false},"author":1,"featured_media":0,"parent":403,"menu_order":0,"comment_status":"closed","ping_status":"closed","template":"page-templates\/fullwidth-content.php","meta":[],"_links":{"self":[{"href":"https:\/\/i-stop.ro\/index.php?rest_route=\/wp\/v2\/pages\/873"}],"collection":[{"href":"https:\/\/i-stop.ro\/index.php?rest_route=\/wp\/v2\/pages"}],"about":[{"href":"https:\/\/i-stop.ro\/index.php?rest_route=\/wp\/v2\/types\/page"}],"author":[{"embeddable":true,"href":"https:\/\/i-stop.ro\/index.php?rest_route=\/wp\/v2\/users\/1"}],"replies":[{"embeddable":true,"href":"https:\/\/i-stop.ro\/index.php?rest_route=%2Fwp%2Fv2%2Fcomments&post=873"}],"version-history":[{"count":8,"href":"https:\/\/i-stop.ro\/index.php?rest_route=\/wp\/v2\/pages\/873\/revisions"}],"predecessor-version":[{"id":2171,"href":"https:\/\/i-stop.ro\/index.php?rest_route=\/wp\/v2\/pages\/873\/revisions\/2171"}],"up":[{"embeddable":true,"href":"https:\/\/i-stop.ro\/index.php?rest_route=\/wp\/v2\/pages\/403"}],"wp:attachment":[{"href":"https:\/\/i-stop.ro\/index.php?rest_route=%2Fwp%2Fv2%2Fmedia&parent=873"}],"curies":[{"name":"wp","href":"https:\/\/api.w.org\/{rel}","templated":true}]}}