{"id":403,"date":"2020-01-30T18:18:41","date_gmt":"2020-01-30T18:18:41","guid":{"rendered":"https:\/\/ld-wp73.template-help.com\/wordpress\/prod_3272\/v1\/?page_id=403"},"modified":"2020-06-07T11:54:50","modified_gmt":"2020-06-07T11:54:50","slug":"portofoliu","status":"publish","type":"page","link":"https:\/\/i-stop.ro\/?page_id=403","title":{"rendered":"Portofoliu"},"content":{"rendered":"\t\t<div data-elementor-type=\"wp-page\" data-elementor-id=\"403\" class=\"elementor elementor-403\" data-elementor-settings=\"[]\">\n\t\t\t\t\t\t<div class=\"elementor-inner\">\n\t\t\t\t\t\t\t<div class=\"elementor-section-wrap\">\n\t\t\t\t\t\t\t<section class=\"elementor-section elementor-top-section elementor-element elementor-element-6a3e472 elementor-section-boxed elementor-section-height-default elementor-section-height-default\" data-id=\"6a3e472\" data-element_type=\"section\" data-settings=\"{&quot;background_background&quot;:&quot;classic&quot;}\">\n\t\t\t\t\t\t\t<div class=\"elementor-background-overlay\"><\/div>\n\t\t\t\t\t\t\t<div class=\"elementor-container elementor-column-gap-default\">\n\t\t\t\t\t\t\t<div class=\"elementor-row\">\n\t\t\t\t\t<div class=\"elementor-column elementor-col-100 elementor-top-column elementor-element elementor-element-bf2ff31\" data-id=\"bf2ff31\" data-element_type=\"column\">\n\t\t\t<div class=\"elementor-column-wrap elementor-element-populated\">\n\t\t\t\t\t\t\t<div class=\"elementor-widget-wrap\">\n\t\t\t\t\t\t<div class=\"elementor-element elementor-element-b1e1cac elementor-widget elementor-widget-heading\" data-id=\"b1e1cac\" data-element_type=\"widget\" data-widget_type=\"heading.default\">\n\t\t\t\t<div class=\"elementor-widget-container\">\n\t\t\t<h1 class=\"elementor-heading-title elementor-size-default\">Portofoliu<\/h1>\t\t<\/div>\n\t\t\t\t<\/div>\n\t\t\t\t\t\t<\/div>\n\t\t\t\t\t<\/div>\n\t\t<\/div>\n\t\t\t\t\t\t\t\t<\/div>\n\t\t\t\t\t<\/div>\n\t\t<\/section>\n\t\t\t\t<section class=\"elementor-section elementor-top-section elementor-element elementor-element-4c3e573 elementor-section-boxed elementor-section-height-default elementor-section-height-default\" data-id=\"4c3e573\" data-element_type=\"section\">\n\t\t\t\t\t\t<div class=\"elementor-container elementor-column-gap-no\">\n\t\t\t\t\t\t\t<div class=\"elementor-row\">\n\t\t\t\t\t<div class=\"elementor-column elementor-col-100 elementor-top-column elementor-element elementor-element-c7bc3e0\" data-id=\"c7bc3e0\" data-element_type=\"column\">\n\t\t\t<div class=\"elementor-column-wrap elementor-element-populated\">\n\t\t\t\t\t\t\t<div class=\"elementor-widget-wrap\">\n\t\t\t\t\t\t<div class=\"elementor-element elementor-element-edad4ab elementor-widget elementor-widget-text-editor\" data-id=\"edad4ab\" data-element_type=\"widget\" data-widget_type=\"text-editor.default\">\n\t\t\t\t<div class=\"elementor-widget-container\">\n\t\t\t\t\t<div class=\"elementor-text-editor elementor-clearfix\"><p class=\"section5_p\">Pentru a v\u0103 ajuta \u00een luarea unei decizii v\u0103 prezent\u0103m c\u00e2teva dintre proiectele noastre.<\/p><div id=\"portfolio-content\" class=\"center-text\"><div class=\"portfolio-page\"><div class=\"portfolio-group\">\u00a0<\/div><\/div><\/div><\/div>\n\t\t\t\t<\/div>\n\t\t\t\t<\/div>\n\t\t\t\t\t\t<\/div>\n\t\t\t\t\t<\/div>\n\t\t<\/div>\n\t\t\t\t\t\t\t\t<\/div>\n\t\t\t\t\t<\/div>\n\t\t<\/section>\n\t\t\t\t<section class=\"elementor-section elementor-top-section elementor-element elementor-element-1a16922 elementor-section-full_width elementor-section-height-default elementor-section-height-default\" data-id=\"1a16922\" data-element_type=\"section\">\n\t\t\t\t\t\t<div class=\"elementor-container elementor-column-gap-no\">\n\t\t\t\t\t\t\t<div class=\"elementor-row\">\n\t\t\t\t\t<div class=\"elementor-column elementor-col-25 elementor-top-column elementor-element elementor-element-0eb825a\" data-id=\"0eb825a\" data-element_type=\"column\">\n\t\t\t<div class=\"elementor-column-wrap elementor-element-populated\">\n\t\t\t\t\t\t\t<div class=\"elementor-widget-wrap\">\n\t\t\t\t\t\t<div class=\"elementor-element elementor-element-eb8b17f elementor-widget elementor-widget-jet-animated-box\" data-id=\"eb8b17f\" data-element_type=\"widget\" data-widget_type=\"jet-animated-box.default\">\n\t\t\t\t<div class=\"elementor-widget-container\">\n\t\t\t<div class=\"elementor-jet-animated-box jet-elements\"><div id=\"jet-animated-box-eb8b17f\" class=\"jet-animated-box jet-box-effect-7\" data-settings='{\"widgetId\":\"eb8b17f\",\"switchEventType\":\"hover\",\"paperFoldDirection\":\"left\",\"slideOutDirection\":\"left\"}'>\n\t<div id=\"jet-animated-box__front-eb8b17f\" class=\"jet-animated-box__front\">\n\t\t<div class=\"jet-animated-box__inner\"><div class=\"jet-animated-box__icon jet-animated-box__icon--front\"><div class=\"jet-animated-box-icon-inner\"><span class=\"jet-elements-icon\"><i aria-hidden=\"true\" class=\"nc-icon-outline objects_spaceship\"><\/i><\/span><\/div><\/div><div class=\"jet-animated-box__content\"><\/div><\/div>\n\t\t<div class=\"jet-animated-box__overlay\"><\/div><\/div>\n\t<div id=\"jet-animated-box__back-eb8b17f\" class=\"jet-animated-box__back\">\n\t\t<div class=\"jet-animated-box__inner\"><div class=\"jet-animated-box__content\"><p class=\"jet-animated-box__title jet-animated-box__title--back\">IMOBIL DE LOCUIT<\/p><p class=\"jet-animated-box__description jet-animated-box__description--back\">O casa echipat\u0103 cu cele mai noi tehnologii \u00een ceea ce priveste controlul...<\/p><a class=\"elementor-button elementor-size-md jet-animated-box__button jet-animated-box__button--back jet-animated-box__button--icon-after\" href=\"https:\/\/i-stop.ro\/portofoliu\/imobil-de-locuit\/\"><span class=\"jet-animated-box__button-icon jet-elements-icon\"><i aria-hidden=\"true\" class=\"nc-icon-outline arrows-1_tail-right\"><\/i><\/span><\/a>\n\n<\/div><\/div>\n\t\t<div class=\"jet-animated-box__overlay\"><\/div><\/div>\n<\/div>\n<\/div>\t\t<\/div>\n\t\t\t\t<\/div>\n\t\t\t\t\t\t<\/div>\n\t\t\t\t\t<\/div>\n\t\t<\/div>\n\t\t\t\t<div class=\"elementor-column elementor-col-25 elementor-top-column elementor-element elementor-element-126bd3e\" data-id=\"126bd3e\" data-element_type=\"column\">\n\t\t\t<div class=\"elementor-column-wrap elementor-element-populated\">\n\t\t\t\t\t\t\t<div class=\"elementor-widget-wrap\">\n\t\t\t\t\t\t<div class=\"elementor-element elementor-element-b61f164 elementor-widget elementor-widget-jet-animated-box\" data-id=\"b61f164\" data-element_type=\"widget\" data-widget_type=\"jet-animated-box.default\">\n\t\t\t\t<div class=\"elementor-widget-container\">\n\t\t\t<div class=\"elementor-jet-animated-box jet-elements\"><div id=\"jet-animated-box-b61f164\" class=\"jet-animated-box jet-box-effect-7\" data-settings='{\"widgetId\":\"b61f164\",\"switchEventType\":\"hover\",\"paperFoldDirection\":\"left\",\"slideOutDirection\":\"left\"}'>\n\t<div id=\"jet-animated-box__front-b61f164\" class=\"jet-animated-box__front\">\n\t\t<div class=\"jet-animated-box__inner\"><div class=\"jet-animated-box__icon jet-animated-box__icon--front\"><div class=\"jet-animated-box-icon-inner\"><span class=\"jet-elements-icon\"><i aria-hidden=\"true\" class=\"nc-icon-outline food_coffee\"><\/i><\/span><\/div><\/div><div class=\"jet-animated-box__content\"><\/div><\/div>\n\t\t<div class=\"jet-animated-box__overlay\"><\/div><\/div>\n\t<div id=\"jet-animated-box__back-b61f164\" class=\"jet-animated-box__back\">\n\t\t<div class=\"jet-animated-box__inner\"><div class=\"jet-animated-box__content\"><p class=\"jet-animated-box__title jet-animated-box__title--back\">PERGOLA HOTEL BOUTIQUE<\/p><p class=\"jet-animated-box__description jet-animated-box__description--back\">Un cochet hotel echipat complet cu tehnologie KNX ce oferta clien\u021bilor...<\/p><a class=\"elementor-button elementor-size-md jet-animated-box__button jet-animated-box__button--back jet-animated-box__button--icon-after\" href=\"https:\/\/i-stop.ro\/portofoliu\/pergola-hotel-boutique\/\"><span class=\"jet-animated-box__button-icon jet-elements-icon\"><i aria-hidden=\"true\" class=\"nc-icon-outline arrows-1_tail-right\"><\/i><\/span><\/a>\n\n<\/div><\/div>\n\t\t<div class=\"jet-animated-box__overlay\"><\/div><\/div>\n<\/div>\n<\/div>\t\t<\/div>\n\t\t\t\t<\/div>\n\t\t\t\t\t\t<\/div>\n\t\t\t\t\t<\/div>\n\t\t<\/div>\n\t\t\t\t<div class=\"elementor-column elementor-col-25 elementor-top-column elementor-element elementor-element-21d36b3\" data-id=\"21d36b3\" data-element_type=\"column\">\n\t\t\t<div class=\"elementor-column-wrap elementor-element-populated\">\n\t\t\t\t\t\t\t<div class=\"elementor-widget-wrap\">\n\t\t\t\t\t\t<div class=\"elementor-element elementor-element-3e9c09c elementor-widget elementor-widget-jet-animated-box\" data-id=\"3e9c09c\" data-element_type=\"widget\" data-widget_type=\"jet-animated-box.default\">\n\t\t\t\t<div class=\"elementor-widget-container\">\n\t\t\t<div class=\"elementor-jet-animated-box jet-elements\"><div id=\"jet-animated-box-3e9c09c\" class=\"jet-animated-box jet-box-effect-7\" data-settings='{\"widgetId\":\"3e9c09c\",\"switchEventType\":\"hover\",\"paperFoldDirection\":\"left\",\"slideOutDirection\":\"left\"}'>\n\t<div id=\"jet-animated-box__front-3e9c09c\" class=\"jet-animated-box__front\">\n\t\t<div class=\"jet-animated-box__inner\"><div class=\"jet-animated-box__icon jet-animated-box__icon--front\"><div class=\"jet-animated-box-icon-inner\"><span class=\"jet-elements-icon\"><i aria-hidden=\"true\" class=\"fab fa-instagram\"><\/i><\/span><\/div><\/div><div class=\"jet-animated-box__content\"><\/div><\/div>\n\t\t<div class=\"jet-animated-box__overlay\"><\/div><\/div>\n\t<div id=\"jet-animated-box__back-3e9c09c\" class=\"jet-animated-box__back\">\n\t\t<div class=\"jet-animated-box__inner\"><div class=\"jet-animated-box__content\"><p class=\"jet-animated-box__title jet-animated-box__title--back\">#CasaBuhnici<\/p><p class=\"jet-animated-box__description jet-animated-box__description--back\">Celebr\u0103 \u0219i cunoscut\u0103 tuturor datorit\u0103 performan\u021belor energetice...<\/p><a class=\"elementor-button elementor-size-md jet-animated-box__button jet-animated-box__button--back jet-animated-box__button--icon-after\" href=\"https:\/\/i-stop.ro\/portofoliu\/casabuhnici\/\"><span class=\"jet-animated-box__button-icon jet-elements-icon\"><i aria-hidden=\"true\" class=\"nc-icon-outline arrows-1_tail-right\"><\/i><\/span><\/a>\n\n<\/div><\/div>\n\t\t<div class=\"jet-animated-box__overlay\"><\/div><\/div>\n<\/div>\n<\/div>\t\t<\/div>\n\t\t\t\t<\/div>\n\t\t\t\t\t\t<\/div>\n\t\t\t\t\t<\/div>\n\t\t<\/div>\n\t\t\t\t<div class=\"elementor-column elementor-col-25 elementor-top-column elementor-element elementor-element-0415d5f\" data-id=\"0415d5f\" data-element_type=\"column\">\n\t\t\t<div class=\"elementor-column-wrap elementor-element-populated\">\n\t\t\t\t\t\t\t<div class=\"elementor-widget-wrap\">\n\t\t\t\t\t\t<div class=\"elementor-element elementor-element-db4d9aa elementor-widget elementor-widget-jet-animated-box\" data-id=\"db4d9aa\" data-element_type=\"widget\" data-widget_type=\"jet-animated-box.default\">\n\t\t\t\t<div class=\"elementor-widget-container\">\n\t\t\t<div class=\"elementor-jet-animated-box jet-elements\"><div id=\"jet-animated-box-db4d9aa\" class=\"jet-animated-box jet-box-effect-7\" data-settings='{\"widgetId\":\"db4d9aa\",\"switchEventType\":\"hover\",\"paperFoldDirection\":\"left\",\"slideOutDirection\":\"left\"}'>\n\t<div id=\"jet-animated-box__front-db4d9aa\" class=\"jet-animated-box__front\">\n\t\t<div class=\"jet-animated-box__inner\"><div class=\"jet-animated-box__icon jet-animated-box__icon--front\"><div class=\"jet-animated-box-icon-inner\"><span class=\"jet-elements-icon\"><i aria-hidden=\"true\" class=\"nc-icon-outline transportation_truck-front\"><\/i><\/span><\/div><\/div><div class=\"jet-animated-box__content\"><\/div><\/div>\n\t\t<div class=\"jet-animated-box__overlay\"><\/div><\/div>\n\t<div id=\"jet-animated-box__back-db4d9aa\" class=\"jet-animated-box__back\">\n\t\t<div class=\"jet-animated-box__inner\"><div class=\"jet-animated-box__content\"><p class=\"jet-animated-box__title jet-animated-box__title--back\">SEDIU ANASPED SUCEAVA<\/p><p class=\"jet-animated-box__description jet-animated-box__description--back\">O investi\u021bie responsabil\u0103 realizat\u0103 cu scopul de a obtine un confort...<\/p><a class=\"elementor-button elementor-size-md jet-animated-box__button jet-animated-box__button--back jet-animated-box__button--icon-after\" href=\"https:\/\/i-stop.ro\/portofoliu\/sediul-anasped-suceava\/\"><span class=\"jet-animated-box__button-icon jet-elements-icon\"><i aria-hidden=\"true\" class=\"nc-icon-outline arrows-1_tail-right\"><\/i><\/span><\/a>\n\n<\/div><\/div>\n\t\t<div class=\"jet-animated-box__overlay\"><\/div><\/div>\n<\/div>\n<\/div>\t\t<\/div>\n\t\t\t\t<\/div>\n\t\t\t\t\t\t<\/div>\n\t\t\t\t\t<\/div>\n\t\t<\/div>\n\t\t\t\t\t\t\t\t<\/div>\n\t\t\t\t\t<\/div>\n\t\t<\/section>\n\t\t\t\t<section class=\"elementor-section elementor-top-section elementor-element elementor-element-407bfd9 elementor-section-full_width elementor-section-height-default elementor-section-height-default\" data-id=\"407bfd9\" data-element_type=\"section\">\n\t\t\t\t\t\t<div class=\"elementor-container elementor-column-gap-default\">\n\t\t\t\t\t\t\t<div class=\"elementor-row\">\n\t\t\t\t\t<div class=\"elementor-column elementor-col-25 elementor-top-column elementor-element elementor-element-3d0ebf9\" data-id=\"3d0ebf9\" data-element_type=\"column\">\n\t\t\t<div class=\"elementor-column-wrap elementor-element-populated\">\n\t\t\t\t\t\t\t<div class=\"elementor-widget-wrap\">\n\t\t\t\t\t\t<div class=\"elementor-element elementor-element-0a7b8ee elementor-widget elementor-widget-jet-animated-box\" data-id=\"0a7b8ee\" data-element_type=\"widget\" data-widget_type=\"jet-animated-box.default\">\n\t\t\t\t<div class=\"elementor-widget-container\">\n\t\t\t<div class=\"elementor-jet-animated-box jet-elements\"><div id=\"jet-animated-box-0a7b8ee\" class=\"jet-animated-box jet-box-effect-7\" data-settings='{\"widgetId\":\"0a7b8ee\",\"switchEventType\":\"hover\",\"paperFoldDirection\":\"left\",\"slideOutDirection\":\"left\"}'>\n\t<div id=\"jet-animated-box__front-0a7b8ee\" class=\"jet-animated-box__front\">\n\t\t<div class=\"jet-animated-box__inner\"><div class=\"jet-animated-box__icon jet-animated-box__icon--front\"><div class=\"jet-animated-box-icon-inner\"><span class=\"jet-elements-icon\"><i aria-hidden=\"true\" class=\"nc-icon-outline nature_tree-02\"><\/i><\/span><\/div><\/div><div class=\"jet-animated-box__content\"><\/div><\/div>\n\t\t<div class=\"jet-animated-box__overlay\"><\/div><\/div>\n\t<div id=\"jet-animated-box__back-0a7b8ee\" class=\"jet-animated-box__back\">\n\t\t<div class=\"jet-animated-box__inner\"><div class=\"jet-animated-box__content\"><p class=\"jet-animated-box__title jet-animated-box__title--back\">DUMBRAVA VL\u0102SIEI<\/p><p class=\"jet-animated-box__description jet-animated-box__description--back\">Un complex unic \u0219i modern dezvoltat cu o responsabilitate desav\u00e2r\u0219it\u0103...<\/p><a class=\"elementor-button elementor-size-md jet-animated-box__button jet-animated-box__button--back jet-animated-box__button--icon-after\" href=\"https:\/\/i-stop.ro\/portofoliu\/dumbrava-vlasiei\/\"><span class=\"jet-animated-box__button-icon jet-elements-icon\"><i aria-hidden=\"true\" class=\"nc-icon-outline arrows-1_tail-right\"><\/i><\/span><\/a>\n\n<\/div><\/div>\n\t\t<div class=\"jet-animated-box__overlay\"><\/div><\/div>\n<\/div>\n<\/div>\t\t<\/div>\n\t\t\t\t<\/div>\n\t\t\t\t\t\t<\/div>\n\t\t\t\t\t<\/div>\n\t\t<\/div>\n\t\t\t\t<div class=\"elementor-column elementor-col-25 elementor-top-column elementor-element elementor-element-91ff4d4\" data-id=\"91ff4d4\" data-element_type=\"column\">\n\t\t\t<div class=\"elementor-column-wrap elementor-element-populated\">\n\t\t\t\t\t\t\t<div class=\"elementor-widget-wrap\">\n\t\t\t\t\t\t<div class=\"elementor-element elementor-element-22fca37 elementor-widget elementor-widget-jet-animated-box\" data-id=\"22fca37\" data-element_type=\"widget\" data-widget_type=\"jet-animated-box.default\">\n\t\t\t\t<div class=\"elementor-widget-container\">\n\t\t\t<div class=\"elementor-jet-animated-box jet-elements\"><div id=\"jet-animated-box-22fca37\" class=\"jet-animated-box jet-box-effect-7\" data-settings='{\"widgetId\":\"22fca37\",\"switchEventType\":\"hover\",\"paperFoldDirection\":\"left\",\"slideOutDirection\":\"left\"}'>\n\t<div id=\"jet-animated-box__front-22fca37\" class=\"jet-animated-box__front\">\n\t\t<div class=\"jet-animated-box__inner\"><div class=\"jet-animated-box__icon jet-animated-box__icon--front\"><div class=\"jet-animated-box-icon-inner\"><span class=\"jet-elements-icon\"><i aria-hidden=\"true\" class=\"nc-icon-outline furniture_heater\"><\/i><\/span><\/div><\/div><div class=\"jet-animated-box__content\"><\/div><\/div>\n\t\t<div class=\"jet-animated-box__overlay\"><\/div><\/div>\n\t<div id=\"jet-animated-box__back-22fca37\" class=\"jet-animated-box__back\">\n\t\t<div class=\"jet-animated-box__inner\"><div class=\"jet-animated-box__content\"><p class=\"jet-animated-box__title jet-animated-box__title--back\">APARTAMENT BUCURE\u0218TI<\/p><p class=\"jet-animated-box__description jet-animated-box__description--back\">Un apartament echipat cu un control avansat al iluminatului, controlul...<\/p><a class=\"elementor-button elementor-size-md jet-animated-box__button jet-animated-box__button--back jet-animated-box__button--icon-after\" href=\"https:\/\/i-stop.ro\/portofoliu\/apartament-bucuresti\/\"><span class=\"jet-animated-box__button-icon jet-elements-icon\"><i aria-hidden=\"true\" class=\"nc-icon-outline arrows-1_tail-right\"><\/i><\/span><\/a>\n\n<\/div><\/div>\n\t\t<div class=\"jet-animated-box__overlay\"><\/div><\/div>\n<\/div>\n<\/div>\t\t<\/div>\n\t\t\t\t<\/div>\n\t\t\t\t\t\t<\/div>\n\t\t\t\t\t<\/div>\n\t\t<\/div>\n\t\t\t\t<div class=\"elementor-column elementor-col-25 elementor-top-column elementor-element elementor-element-d3e8c4c\" data-id=\"d3e8c4c\" data-element_type=\"column\">\n\t\t\t<div class=\"elementor-column-wrap elementor-element-populated\">\n\t\t\t\t\t\t\t<div class=\"elementor-widget-wrap\">\n\t\t\t\t\t\t<div class=\"elementor-element elementor-element-a8d602a elementor-widget elementor-widget-jet-animated-box\" data-id=\"a8d602a\" data-element_type=\"widget\" data-widget_type=\"jet-animated-box.default\">\n\t\t\t\t<div class=\"elementor-widget-container\">\n\t\t\t<div class=\"elementor-jet-animated-box jet-elements\"><div id=\"jet-animated-box-a8d602a\" class=\"jet-animated-box jet-box-effect-7\" data-settings='{\"widgetId\":\"a8d602a\",\"switchEventType\":\"hover\",\"paperFoldDirection\":\"left\",\"slideOutDirection\":\"left\"}'>\n\t<div id=\"jet-animated-box__front-a8d602a\" class=\"jet-animated-box__front\">\n\t\t<div class=\"jet-animated-box__inner\"><div class=\"jet-animated-box__icon jet-animated-box__icon--front\"><div class=\"jet-animated-box-icon-inner\"><span class=\"jet-elements-icon\"><i aria-hidden=\"true\" class=\"nc-icon-outline health_hospital-34\"><\/i><\/span><\/div><\/div><div class=\"jet-animated-box__content\"><\/div><\/div>\n\t\t<div class=\"jet-animated-box__overlay\"><\/div><\/div>\n\t<div id=\"jet-animated-box__back-a8d602a\" class=\"jet-animated-box__back\">\n\t\t<div class=\"jet-animated-box__inner\"><div class=\"jet-animated-box__content\"><p class=\"jet-animated-box__title jet-animated-box__title--back\">SPITALUL ORA\u0218ANESC MIOVENI<\/p><p class=\"jet-animated-box__description jet-animated-box__description--back\">Cel mai nou spital din Rom\u00e2nia este dotat bine\u00een\u021beles cu cea mai nou\u0103 tehnologie...<\/p><a class=\"elementor-button elementor-size-md jet-animated-box__button jet-animated-box__button--back jet-animated-box__button--icon-after\" href=\"https:\/\/i-stop.ro\/portofoliu\/spitalul-orasanesc-mioveni\/\"><span class=\"jet-animated-box__button-icon jet-elements-icon\"><i aria-hidden=\"true\" class=\"nc-icon-outline arrows-1_tail-right\"><\/i><\/span><\/a>\n\n<\/div><\/div>\n\t\t<div class=\"jet-animated-box__overlay\"><\/div><\/div>\n<\/div>\n<\/div>\t\t<\/div>\n\t\t\t\t<\/div>\n\t\t\t\t\t\t<\/div>\n\t\t\t\t\t<\/div>\n\t\t<\/div>\n\t\t\t\t<div class=\"elementor-column elementor-col-25 elementor-top-column elementor-element elementor-element-3468c48\" data-id=\"3468c48\" data-element_type=\"column\">\n\t\t\t<div class=\"elementor-column-wrap elementor-element-populated\">\n\t\t\t\t\t\t\t<div class=\"elementor-widget-wrap\">\n\t\t\t\t\t\t<div class=\"elementor-element elementor-element-a1ca1aa elementor-widget elementor-widget-jet-animated-box\" data-id=\"a1ca1aa\" data-element_type=\"widget\" data-widget_type=\"jet-animated-box.default\">\n\t\t\t\t<div class=\"elementor-widget-container\">\n\t\t\t<div class=\"elementor-jet-animated-box jet-elements\"><div id=\"jet-animated-box-a1ca1aa\" class=\"jet-animated-box jet-box-effect-7\" data-settings='{\"widgetId\":\"a1ca1aa\",\"switchEventType\":\"hover\",\"paperFoldDirection\":\"left\",\"slideOutDirection\":\"left\"}'>\n\t<div id=\"jet-animated-box__front-a1ca1aa\" class=\"jet-animated-box__front\">\n\t\t<div class=\"jet-animated-box__inner\"><div class=\"jet-animated-box__icon jet-animated-box__icon--front\"><div class=\"jet-animated-box-icon-inner\"><span class=\"jet-elements-icon\"><i aria-hidden=\"true\" class=\"fas fa-desktop\"><\/i><\/span><\/div><\/div><div class=\"jet-animated-box__content\"><\/div><\/div>\n\t\t<div class=\"jet-animated-box__overlay\"><\/div><\/div>\n\t<div id=\"jet-animated-box__back-a1ca1aa\" class=\"jet-animated-box__back\">\n\t\t<div class=\"jet-animated-box__inner\"><div class=\"jet-animated-box__content\"><p class=\"jet-animated-box__title jet-animated-box__title--back\">SEDIU EUROMASTER ROMANIA<\/p><p class=\"jet-animated-box__description jet-animated-box__description--back\">Un spa\u021biu de birouri de o \u00eenalt\u0103 elegan\u021b\u0103 \u0219i cu o echipare KNX ce permite...<\/p><a class=\"elementor-button elementor-size-md jet-animated-box__button jet-animated-box__button--back jet-animated-box__button--icon-after\" href=\"https:\/\/i-stop.ro\/portofoliu\/sediu-euromaster-romania\/\"><span class=\"jet-animated-box__button-icon jet-elements-icon\"><i aria-hidden=\"true\" class=\"nc-icon-outline arrows-1_tail-right\"><\/i><\/span><\/a>\n\n<\/div><\/div>\n\t\t<div class=\"jet-animated-box__overlay\"><\/div><\/div>\n<\/div>\n<\/div>\t\t<\/div>\n\t\t\t\t<\/div>\n\t\t\t\t\t\t<\/div>\n\t\t\t\t\t<\/div>\n\t\t<\/div>\n\t\t\t\t\t\t\t\t<\/div>\n\t\t\t\t\t<\/div>\n\t\t<\/section>\n\t\t\t\t\t\t<\/div>\n\t\t\t\t\t\t<\/div>\n\t\t\t\t\t<\/div>\n\t\t","protected":false},"excerpt":{"rendered":"<p>Portofoliu Pentru a v\u0103 ajuta \u00een luarea unei decizii v\u0103 prezent\u0103m c\u00e2teva dintre proiectele noastre. \u00a0 IMOBIL DE LOCUIT O casa echipat\u0103 cu cele mai noi tehnologii \u00een ceea ce priveste controlul&#8230; PERGOLA HOTEL BOUTIQUE Un cochet hotel echipat complet cu tehnologie KNX ce oferta clien\u021bilor&#8230; #CasaBuhnici Celebr\u0103 \u0219i cunoscut\u0103 tuturor datorit\u0103 performan\u021belor energetice&#8230; SEDIU [&hellip;]<\/p>\n","protected":false},"author":1,"featured_media":0,"parent":0,"menu_order":0,"comment_status":"closed","ping_status":"closed","template":"page-templates\/fullwidth-content.php","meta":[],"_links":{"self":[{"href":"https:\/\/i-stop.ro\/index.php?rest_route=\/wp\/v2\/pages\/403"}],"collection":[{"href":"https:\/\/i-stop.ro\/index.php?rest_route=\/wp\/v2\/pages"}],"about":[{"href":"https:\/\/i-stop.ro\/index.php?rest_route=\/wp\/v2\/types\/page"}],"author":[{"embeddable":true,"href":"https:\/\/i-stop.ro\/index.php?rest_route=\/wp\/v2\/users\/1"}],"replies":[{"embeddable":true,"href":"https:\/\/i-stop.ro\/index.php?rest_route=%2Fwp%2Fv2%2Fcomments&post=403"}],"version-history":[{"count":22,"href":"https:\/\/i-stop.ro\/index.php?rest_route=\/wp\/v2\/pages\/403\/revisions"}],"predecessor-version":[{"id":2196,"href":"https:\/\/i-stop.ro\/index.php?rest_route=\/wp\/v2\/pages\/403\/revisions\/2196"}],"wp:attachment":[{"href":"https:\/\/i-stop.ro\/index.php?rest_route=%2Fwp%2Fv2%2Fmedia&parent=403"}],"curies":[{"name":"wp","href":"https:\/\/api.w.org\/{rel}","templated":true}]}}