{"id":1832,"date":"2020-05-15T08:17:48","date_gmt":"2020-05-15T08:17:48","guid":{"rendered":"https:\/\/i-stop.ro\/?page_id=1832"},"modified":"2020-06-01T10:10:15","modified_gmt":"2020-06-01T10:10:15","slug":"cercetare-si-inovare","status":"publish","type":"page","link":"https:\/\/i-stop.ro\/?page_id=1832","title":{"rendered":"Cercetare \u0219i inovare"},"content":{"rendered":"\t\t<div data-elementor-type=\"wp-page\" data-elementor-id=\"1832\" class=\"elementor elementor-1832\" data-elementor-settings=\"[]\">\n\t\t\t\t\t\t<div class=\"elementor-inner\">\n\t\t\t\t\t\t\t<div class=\"elementor-section-wrap\">\n\t\t\t\t\t\t\t<section class=\"elementor-section elementor-top-section elementor-element elementor-element-20e8941 elementor-section-boxed elementor-section-height-default elementor-section-height-default\" data-id=\"20e8941\" data-element_type=\"section\">\n\t\t\t\t\t\t<div class=\"elementor-container elementor-column-gap-default\">\n\t\t\t\t\t\t\t<div class=\"elementor-row\">\n\t\t\t\t\t<div class=\"elementor-column elementor-col-100 elementor-top-column elementor-element elementor-element-9c1bdbb\" data-id=\"9c1bdbb\" data-element_type=\"column\">\n\t\t\t<div class=\"elementor-column-wrap elementor-element-populated\">\n\t\t\t\t\t\t\t<div class=\"elementor-widget-wrap\">\n\t\t\t\t\t\t<div class=\"elementor-element elementor-element-89a06e6 elementor-widget elementor-widget-heading\" data-id=\"89a06e6\" data-element_type=\"widget\" data-widget_type=\"heading.default\">\n\t\t\t\t<div class=\"elementor-widget-container\">\n\t\t\t<h1 class=\"elementor-heading-title elementor-size-default\">CERCETARE \u0218I INOVARE<\/h1>\t\t<\/div>\n\t\t\t\t<\/div>\n\t\t\t\t\t\t<\/div>\n\t\t\t\t\t<\/div>\n\t\t<\/div>\n\t\t\t\t\t\t\t\t<\/div>\n\t\t\t\t\t<\/div>\n\t\t<\/section>\n\t\t\t\t<section class=\"elementor-section elementor-top-section elementor-element elementor-element-1257a15 elementor-section-boxed elementor-section-height-default elementor-section-height-default\" data-id=\"1257a15\" data-element_type=\"section\">\n\t\t\t\t\t\t<div class=\"elementor-container elementor-column-gap-default\">\n\t\t\t\t\t\t\t<div class=\"elementor-row\">\n\t\t\t\t\t<div class=\"elementor-column elementor-col-100 elementor-top-column elementor-element elementor-element-db78cd1\" data-id=\"db78cd1\" data-element_type=\"column\">\n\t\t\t<div class=\"elementor-column-wrap elementor-element-populated\">\n\t\t\t\t\t\t\t<div class=\"elementor-widget-wrap\">\n\t\t\t\t\t\t<div class=\"elementor-element elementor-element-baddf24 elementor-widget elementor-widget-image\" data-id=\"baddf24\" data-element_type=\"widget\" data-widget_type=\"image.default\">\n\t\t\t\t<div class=\"elementor-widget-container\">\n\t\t\t\t\t<div class=\"elementor-image\">\n\t\t\t\t\t\t\t\t\t\t<img width=\"1024\" height=\"1024\" src=\"https:\/\/i-stop.ro\/wp-content\/uploads\/2020\/06\/r_and_d_knx.png\" class=\"attachment-large size-large\" alt=\"\" loading=\"lazy\" srcset=\"https:\/\/i-stop.ro\/wp-content\/uploads\/2020\/06\/r_and_d_knx.png 1024w, https:\/\/i-stop.ro\/wp-content\/uploads\/2020\/06\/r_and_d_knx-300x300.png 300w, https:\/\/i-stop.ro\/wp-content\/uploads\/2020\/06\/r_and_d_knx-150x150.png 150w, https:\/\/i-stop.ro\/wp-content\/uploads\/2020\/06\/r_and_d_knx-768x768.png 768w, https:\/\/i-stop.ro\/wp-content\/uploads\/2020\/06\/r_and_d_knx-230x230.png 230w, https:\/\/i-stop.ro\/wp-content\/uploads\/2020\/06\/r_and_d_knx-400x400.png 400w, https:\/\/i-stop.ro\/wp-content\/uploads\/2020\/06\/r_and_d_knx-600x600.png 600w, https:\/\/i-stop.ro\/wp-content\/uploads\/2020\/06\/r_and_d_knx-640x640.png 640w\" sizes=\"(max-width: 1024px) 100vw, 1024px\" \/>\t\t\t\t\t\t\t\t\t\t\t<\/div>\n\t\t\t\t<\/div>\n\t\t\t\t<\/div>\n\t\t\t\t\t\t<\/div>\n\t\t\t\t\t<\/div>\n\t\t<\/div>\n\t\t\t\t\t\t\t\t<\/div>\n\t\t\t\t\t<\/div>\n\t\t<\/section>\n\t\t\t\t<section class=\"elementor-section elementor-top-section elementor-element elementor-element-e60ced0 elementor-section-boxed elementor-section-height-default elementor-section-height-default\" data-id=\"e60ced0\" data-element_type=\"section\">\n\t\t\t\t\t\t<div class=\"elementor-container elementor-column-gap-default\">\n\t\t\t\t\t\t\t<div class=\"elementor-row\">\n\t\t\t\t\t<div class=\"elementor-column elementor-col-100 elementor-top-column elementor-element elementor-element-83c5db3\" data-id=\"83c5db3\" data-element_type=\"column\">\n\t\t\t<div class=\"elementor-column-wrap elementor-element-populated\">\n\t\t\t\t\t\t\t<div class=\"elementor-widget-wrap\">\n\t\t\t\t\t\t<div class=\"elementor-element elementor-element-90f2ef2 elementor-widget elementor-widget-text-editor\" data-id=\"90f2ef2\" data-element_type=\"widget\" data-widget_type=\"text-editor.default\">\n\t\t\t\t<div class=\"elementor-widget-container\">\n\t\t\t\t\t<div class=\"elementor-text-editor elementor-clearfix\"><div><div>\u00a0 \u00a0Misiunea noastr\u0103 este aceea de a putea r\u0103spunde provoc\u0103rilor tehnice \u0219i de aceea o parte \u00eensemnat\u0103 a activit\u0103\u021bii noastre este reprezentat\u0103 de alocarea de resurse pentru g\u0103sirea a noi solu\u021bii optime. Ca rezultate a activit\u0103\u021bii de cercetare \u0219i inovare putem nota dezvoltarea suitei de aplica\u021bii Wireeo c\u00e2t \u0219i a serie de produse dedicate pentru detec\u021bia inunda\u021biilor I-STOP. De asemena alte proiecte sunt \u00een curs de dezvoltare.<\/div><div>\u00a0 \u00a0<\/div><div>\u00a0<\/div><\/div><div>\u00a0<\/div><\/div>\n\t\t\t\t<\/div>\n\t\t\t\t<\/div>\n\t\t\t\t\t\t<\/div>\n\t\t\t\t\t<\/div>\n\t\t<\/div>\n\t\t\t\t\t\t\t\t<\/div>\n\t\t\t\t\t<\/div>\n\t\t<\/section>\n\t\t\t\t\t\t<\/div>\n\t\t\t\t\t\t<\/div>\n\t\t\t\t\t<\/div>\n\t\t","protected":false},"excerpt":{"rendered":"<p>CERCETARE \u0218I INOVARE \u00a0 \u00a0Misiunea noastr\u0103 este aceea de a putea r\u0103spunde provoc\u0103rilor tehnice \u0219i de aceea o parte \u00eensemnat\u0103 a activit\u0103\u021bii noastre este reprezentat\u0103 de alocarea de resurse pentru g\u0103sirea a noi solu\u021bii optime. Ca rezultate a activit\u0103\u021bii de cercetare \u0219i inovare putem nota dezvoltarea suitei de aplica\u021bii Wireeo c\u00e2t \u0219i a serie de [&hellip;]<\/p>\n","protected":false},"author":1,"featured_media":0,"parent":23,"menu_order":0,"comment_status":"closed","ping_status":"closed","template":"","meta":[],"_links":{"self":[{"href":"https:\/\/i-stop.ro\/index.php?rest_route=\/wp\/v2\/pages\/1832"}],"collection":[{"href":"https:\/\/i-stop.ro\/index.php?rest_route=\/wp\/v2\/pages"}],"about":[{"href":"https:\/\/i-stop.ro\/index.php?rest_route=\/wp\/v2\/types\/page"}],"author":[{"embeddable":true,"href":"https:\/\/i-stop.ro\/index.php?rest_route=\/wp\/v2\/users\/1"}],"replies":[{"embeddable":true,"href":"https:\/\/i-stop.ro\/index.php?rest_route=%2Fwp%2Fv2%2Fcomments&post=1832"}],"version-history":[{"count":3,"href":"https:\/\/i-stop.ro\/index.php?rest_route=\/wp\/v2\/pages\/1832\/revisions"}],"predecessor-version":[{"id":2027,"href":"https:\/\/i-stop.ro\/index.php?rest_route=\/wp\/v2\/pages\/1832\/revisions\/2027"}],"up":[{"embeddable":true,"href":"https:\/\/i-stop.ro\/index.php?rest_route=\/wp\/v2\/pages\/23"}],"wp:attachment":[{"href":"https:\/\/i-stop.ro\/index.php?rest_route=%2Fwp%2Fv2%2Fmedia&parent=1832"}],"curies":[{"name":"wp","href":"https:\/\/api.w.org\/{rel}","templated":true}]}}