{"id":1830,"date":"2020-05-15T08:17:30","date_gmt":"2020-05-15T08:17:30","guid":{"rendered":"https:\/\/i-stop.ro\/?page_id=1830"},"modified":"2020-06-01T10:47:02","modified_gmt":"2020-06-01T10:47:02","slug":"uzinare-si-productie-tablouri-electrice-de-automatizari","status":"publish","type":"page","link":"https:\/\/i-stop.ro\/?page_id=1830","title":{"rendered":"Uzinare \u0219i produc\u021bie tablouri electrice de automatiz\u0103ri"},"content":{"rendered":"\t\t<div data-elementor-type=\"wp-page\" data-elementor-id=\"1830\" class=\"elementor elementor-1830\" data-elementor-settings=\"[]\">\n\t\t\t\t\t\t<div class=\"elementor-inner\">\n\t\t\t\t\t\t\t<div class=\"elementor-section-wrap\">\n\t\t\t\t\t\t\t<section class=\"elementor-section elementor-top-section elementor-element elementor-element-5c15090 elementor-section-boxed elementor-section-height-default elementor-section-height-default\" data-id=\"5c15090\" data-element_type=\"section\">\n\t\t\t\t\t\t<div class=\"elementor-container elementor-column-gap-default\">\n\t\t\t\t\t\t\t<div class=\"elementor-row\">\n\t\t\t\t\t<div class=\"elementor-column elementor-col-100 elementor-top-column elementor-element elementor-element-d4b5124\" data-id=\"d4b5124\" data-element_type=\"column\">\n\t\t\t<div class=\"elementor-column-wrap elementor-element-populated\">\n\t\t\t\t\t\t\t<div class=\"elementor-widget-wrap\">\n\t\t\t\t\t\t<div class=\"elementor-element elementor-element-4aa8e70 elementor-widget elementor-widget-heading\" data-id=\"4aa8e70\" data-element_type=\"widget\" data-widget_type=\"heading.default\">\n\t\t\t\t<div class=\"elementor-widget-container\">\n\t\t\t<h1 class=\"elementor-heading-title elementor-size-default\">UZINARE \u0218I PRODUC\u021aIE TABLOURI ELECTRICE DE AUTOMATIZ\u0102RI<\/h1>\t\t<\/div>\n\t\t\t\t<\/div>\n\t\t\t\t\t\t<\/div>\n\t\t\t\t\t<\/div>\n\t\t<\/div>\n\t\t\t\t\t\t\t\t<\/div>\n\t\t\t\t\t<\/div>\n\t\t<\/section>\n\t\t\t\t<section class=\"elementor-section elementor-top-section elementor-element elementor-element-b9d56fd elementor-section-boxed elementor-section-height-default elementor-section-height-default\" data-id=\"b9d56fd\" data-element_type=\"section\">\n\t\t\t\t\t\t<div class=\"elementor-container elementor-column-gap-default\">\n\t\t\t\t\t\t\t<div class=\"elementor-row\">\n\t\t\t\t\t<div class=\"elementor-column elementor-col-100 elementor-top-column elementor-element elementor-element-ade0376\" data-id=\"ade0376\" data-element_type=\"column\">\n\t\t\t<div class=\"elementor-column-wrap elementor-element-populated\">\n\t\t\t\t\t\t\t<div class=\"elementor-widget-wrap\">\n\t\t\t\t\t\t<div class=\"elementor-element elementor-element-4b78f28 elementor-widget elementor-widget-image\" data-id=\"4b78f28\" data-element_type=\"widget\" data-widget_type=\"image.default\">\n\t\t\t\t<div class=\"elementor-widget-container\">\n\t\t\t\t\t<div class=\"elementor-image\">\n\t\t\t\t\t\t\t\t\t\t<img width=\"1024\" height=\"683\" src=\"https:\/\/i-stop.ro\/wp-content\/uploads\/2020\/06\/uzinare_tablouri.png\" class=\"attachment-large size-large\" alt=\"\" loading=\"lazy\" srcset=\"https:\/\/i-stop.ro\/wp-content\/uploads\/2020\/06\/uzinare_tablouri.png 1024w, https:\/\/i-stop.ro\/wp-content\/uploads\/2020\/06\/uzinare_tablouri-300x200.png 300w, https:\/\/i-stop.ro\/wp-content\/uploads\/2020\/06\/uzinare_tablouri-768x512.png 768w, https:\/\/i-stop.ro\/wp-content\/uploads\/2020\/06\/uzinare_tablouri-600x400.png 600w\" sizes=\"(max-width: 1024px) 100vw, 1024px\" \/>\t\t\t\t\t\t\t\t\t\t\t<\/div>\n\t\t\t\t<\/div>\n\t\t\t\t<\/div>\n\t\t\t\t\t\t<\/div>\n\t\t\t\t\t<\/div>\n\t\t<\/div>\n\t\t\t\t\t\t\t\t<\/div>\n\t\t\t\t\t<\/div>\n\t\t<\/section>\n\t\t\t\t<section class=\"elementor-section elementor-top-section elementor-element elementor-element-4bb6515 elementor-section-boxed elementor-section-height-default elementor-section-height-default\" data-id=\"4bb6515\" data-element_type=\"section\">\n\t\t\t\t\t\t<div class=\"elementor-container elementor-column-gap-default\">\n\t\t\t\t\t\t\t<div class=\"elementor-row\">\n\t\t\t\t\t<div class=\"elementor-column elementor-col-100 elementor-top-column elementor-element elementor-element-3c0ff5a\" data-id=\"3c0ff5a\" data-element_type=\"column\">\n\t\t\t<div class=\"elementor-column-wrap elementor-element-populated\">\n\t\t\t\t\t\t\t<div class=\"elementor-widget-wrap\">\n\t\t\t\t\t\t<div class=\"elementor-element elementor-element-229e940 elementor-widget elementor-widget-text-editor\" data-id=\"229e940\" data-element_type=\"widget\" data-widget_type=\"text-editor.default\">\n\t\t\t\t<div class=\"elementor-widget-container\">\n\t\t\t\t\t<div class=\"elementor-text-editor elementor-clearfix\"><div><div><div>\u00a0 \u00a0Datorit\u0103 necesit\u0103\u021bii departamentul de produc\u021bie tablouri electrice de automatizare \u0219i-a f\u0103cut apari\u021bia \u00een for\u021b\u0103 ridic\u00e2nd nivelul de calitate al proiecteor noastre la o cot\u0103 superioar\u0103. Realiz\u0103m tablouri electrice \u0219i de automatizare pentru proiecte proprii sau pentru solicit\u0103ri externe.<\/div><\/div><\/div><div>\u00a0<\/div><\/div>\n\t\t\t\t<\/div>\n\t\t\t\t<\/div>\n\t\t\t\t\t\t<\/div>\n\t\t\t\t\t<\/div>\n\t\t<\/div>\n\t\t\t\t\t\t\t\t<\/div>\n\t\t\t\t\t<\/div>\n\t\t<\/section>\n\t\t\t\t\t\t<\/div>\n\t\t\t\t\t\t<\/div>\n\t\t\t\t\t<\/div>\n\t\t","protected":false},"excerpt":{"rendered":"<p>UZINARE \u0218I PRODUC\u021aIE TABLOURI ELECTRICE DE AUTOMATIZ\u0102RI \u00a0 \u00a0Datorit\u0103 necesit\u0103\u021bii departamentul de produc\u021bie tablouri electrice de automatizare \u0219i-a f\u0103cut apari\u021bia \u00een for\u021b\u0103 ridic\u00e2nd nivelul de calitate al proiecteor noastre la o cot\u0103 superioar\u0103. Realiz\u0103m tablouri electrice \u0219i de automatizare pentru proiecte proprii sau pentru solicit\u0103ri externe.\u00a0<\/p>\n","protected":false},"author":1,"featured_media":0,"parent":23,"menu_order":0,"comment_status":"closed","ping_status":"closed","template":"","meta":[],"_links":{"self":[{"href":"https:\/\/i-stop.ro\/index.php?rest_route=\/wp\/v2\/pages\/1830"}],"collection":[{"href":"https:\/\/i-stop.ro\/index.php?rest_route=\/wp\/v2\/pages"}],"about":[{"href":"https:\/\/i-stop.ro\/index.php?rest_route=\/wp\/v2\/types\/page"}],"author":[{"embeddable":true,"href":"https:\/\/i-stop.ro\/index.php?rest_route=\/wp\/v2\/users\/1"}],"replies":[{"embeddable":true,"href":"https:\/\/i-stop.ro\/index.php?rest_route=%2Fwp%2Fv2%2Fcomments&post=1830"}],"version-history":[{"count":4,"href":"https:\/\/i-stop.ro\/index.php?rest_route=\/wp\/v2\/pages\/1830\/revisions"}],"predecessor-version":[{"id":2040,"href":"https:\/\/i-stop.ro\/index.php?rest_route=\/wp\/v2\/pages\/1830\/revisions\/2040"}],"up":[{"embeddable":true,"href":"https:\/\/i-stop.ro\/index.php?rest_route=\/wp\/v2\/pages\/23"}],"wp:attachment":[{"href":"https:\/\/i-stop.ro\/index.php?rest_route=%2Fwp%2Fv2%2Fmedia&parent=1830"}],"curies":[{"name":"wp","href":"https:\/\/api.w.org\/{rel}","templated":true}]}}