{"id":1821,"date":"2020-05-15T08:12:53","date_gmt":"2020-05-15T08:12:53","guid":{"rendered":"https:\/\/i-stop.ro\/?page_id=1821"},"modified":"2020-06-01T09:51:09","modified_gmt":"2020-06-01T09:51:09","slug":"proiectare-sisteme-cladiri-inteligente","status":"publish","type":"page","link":"https:\/\/i-stop.ro\/?page_id=1821","title":{"rendered":"Proiectare sisteme cl\u0103diri inteligente"},"content":{"rendered":"\t\t<div data-elementor-type=\"wp-page\" data-elementor-id=\"1821\" class=\"elementor elementor-1821\" data-elementor-settings=\"[]\">\n\t\t\t\t\t\t<div class=\"elementor-inner\">\n\t\t\t\t\t\t\t<div class=\"elementor-section-wrap\">\n\t\t\t\t\t\t\t<section class=\"elementor-section elementor-top-section elementor-element elementor-element-9883937 elementor-section-boxed elementor-section-height-default elementor-section-height-default\" data-id=\"9883937\" data-element_type=\"section\">\n\t\t\t\t\t\t<div class=\"elementor-container elementor-column-gap-default\">\n\t\t\t\t\t\t\t<div class=\"elementor-row\">\n\t\t\t\t\t<div class=\"elementor-column elementor-col-100 elementor-top-column elementor-element elementor-element-b8e05e0\" data-id=\"b8e05e0\" data-element_type=\"column\">\n\t\t\t<div class=\"elementor-column-wrap elementor-element-populated\">\n\t\t\t\t\t\t\t<div class=\"elementor-widget-wrap\">\n\t\t\t\t\t\t<div class=\"elementor-element elementor-element-76cdbc4 elementor-widget elementor-widget-heading\" data-id=\"76cdbc4\" data-element_type=\"widget\" data-widget_type=\"heading.default\">\n\t\t\t\t<div class=\"elementor-widget-container\">\n\t\t\t<h1 class=\"elementor-heading-title elementor-size-default\">PROIECTARE SISTEME CL\u0102DIRI INTELIGENTE<\/h1>\t\t<\/div>\n\t\t\t\t<\/div>\n\t\t\t\t\t\t<\/div>\n\t\t\t\t\t<\/div>\n\t\t<\/div>\n\t\t\t\t\t\t\t\t<\/div>\n\t\t\t\t\t<\/div>\n\t\t<\/section>\n\t\t\t\t<section class=\"elementor-section elementor-top-section elementor-element elementor-element-7e9665c elementor-section-boxed elementor-section-height-default elementor-section-height-default\" data-id=\"7e9665c\" data-element_type=\"section\">\n\t\t\t\t\t\t<div class=\"elementor-container elementor-column-gap-default\">\n\t\t\t\t\t\t\t<div class=\"elementor-row\">\n\t\t\t\t\t<div class=\"elementor-column elementor-col-100 elementor-top-column elementor-element elementor-element-34e4f6d\" data-id=\"34e4f6d\" data-element_type=\"column\">\n\t\t\t<div class=\"elementor-column-wrap elementor-element-populated\">\n\t\t\t\t\t\t\t<div class=\"elementor-widget-wrap\">\n\t\t\t\t\t\t<div class=\"elementor-element elementor-element-28b4507 elementor-widget elementor-widget-image\" data-id=\"28b4507\" data-element_type=\"widget\" data-widget_type=\"image.default\">\n\t\t\t\t<div class=\"elementor-widget-container\">\n\t\t\t\t\t<div class=\"elementor-image\">\n\t\t\t\t\t\t\t\t\t\t<img width=\"1024\" height=\"848\" src=\"https:\/\/i-stop.ro\/wp-content\/uploads\/2020\/06\/proiectare_knx.png\" class=\"attachment-large size-large\" alt=\"\" loading=\"lazy\" srcset=\"https:\/\/i-stop.ro\/wp-content\/uploads\/2020\/06\/proiectare_knx.png 1024w, https:\/\/i-stop.ro\/wp-content\/uploads\/2020\/06\/proiectare_knx-300x248.png 300w, https:\/\/i-stop.ro\/wp-content\/uploads\/2020\/06\/proiectare_knx-768x636.png 768w, https:\/\/i-stop.ro\/wp-content\/uploads\/2020\/06\/proiectare_knx-600x497.png 600w\" sizes=\"(max-width: 1024px) 100vw, 1024px\" \/>\t\t\t\t\t\t\t\t\t\t\t<\/div>\n\t\t\t\t<\/div>\n\t\t\t\t<\/div>\n\t\t\t\t\t\t<\/div>\n\t\t\t\t\t<\/div>\n\t\t<\/div>\n\t\t\t\t\t\t\t\t<\/div>\n\t\t\t\t\t<\/div>\n\t\t<\/section>\n\t\t\t\t<section class=\"elementor-section elementor-top-section elementor-element elementor-element-ddc4518 elementor-section-boxed elementor-section-height-default elementor-section-height-default\" data-id=\"ddc4518\" data-element_type=\"section\">\n\t\t\t\t\t\t<div class=\"elementor-container elementor-column-gap-default\">\n\t\t\t\t\t\t\t<div class=\"elementor-row\">\n\t\t\t\t\t<div class=\"elementor-column elementor-col-100 elementor-top-column elementor-element elementor-element-df3f8a1\" data-id=\"df3f8a1\" data-element_type=\"column\">\n\t\t\t<div class=\"elementor-column-wrap elementor-element-populated\">\n\t\t\t\t\t\t\t<div class=\"elementor-widget-wrap\">\n\t\t\t\t\t\t<div class=\"elementor-element elementor-element-029702d elementor-widget elementor-widget-text-editor\" data-id=\"029702d\" data-element_type=\"widget\" data-widget_type=\"text-editor.default\">\n\t\t\t\t<div class=\"elementor-widget-container\">\n\t\t\t\t\t<div class=\"elementor-text-editor elementor-clearfix\"><div><div><div><span style=\"color: #777777;\">\u00a0 \u00a0 Un proiect reu\u0219it \u00eencepe de la faza de identificare a solu\u021biei optime. Scopul departamentului de proiectare este acela de a identifica nevoile viitorului utilizator \u00een rela\u021bia cu cl\u0103direa \u00een cauza. Baza proiectarii unui sistem inteligent este generat\u0103 de cunoa\u0219terea \u0219i \u00eentelegerea sistemelor din cl\u0103diri precum \u0219i a echipamentelor utilizate.\u00a0<\/span><\/div><div><span style=\"color: #777777;\">\u00a0 \u00a0Echipa perfect\u0103 de automatizare trebuie s\u0103 aiba experin\u021b\u0103 \u0219i expertiz\u0103 cu implemetarea si exploatarea sistemelor automatizate, recomand\u0103rile venind \u00een urma acestor date acumulate.\u00a0<\/span><\/div><\/div><\/div><\/div>\n\t\t\t\t<\/div>\n\t\t\t\t<\/div>\n\t\t\t\t\t\t<\/div>\n\t\t\t\t\t<\/div>\n\t\t<\/div>\n\t\t\t\t\t\t\t\t<\/div>\n\t\t\t\t\t<\/div>\n\t\t<\/section>\n\t\t\t\t\t\t<\/div>\n\t\t\t\t\t\t<\/div>\n\t\t\t\t\t<\/div>\n\t\t","protected":false},"excerpt":{"rendered":"<p>PROIECTARE SISTEME CL\u0102DIRI INTELIGENTE \u00a0 \u00a0 Un proiect reu\u0219it \u00eencepe de la faza de identificare a solu\u021biei optime. Scopul departamentului de proiectare este acela de a identifica nevoile viitorului utilizator \u00een rela\u021bia cu cl\u0103direa \u00een cauza. Baza proiectarii unui sistem inteligent este generat\u0103 de cunoa\u0219terea \u0219i \u00eentelegerea sistemelor din cl\u0103diri precum \u0219i a echipamentelor utilizate.\u00a0\u00a0 [&hellip;]<\/p>\n","protected":false},"author":1,"featured_media":0,"parent":23,"menu_order":0,"comment_status":"closed","ping_status":"closed","template":"","meta":[],"_links":{"self":[{"href":"https:\/\/i-stop.ro\/index.php?rest_route=\/wp\/v2\/pages\/1821"}],"collection":[{"href":"https:\/\/i-stop.ro\/index.php?rest_route=\/wp\/v2\/pages"}],"about":[{"href":"https:\/\/i-stop.ro\/index.php?rest_route=\/wp\/v2\/types\/page"}],"author":[{"embeddable":true,"href":"https:\/\/i-stop.ro\/index.php?rest_route=\/wp\/v2\/users\/1"}],"replies":[{"embeddable":true,"href":"https:\/\/i-stop.ro\/index.php?rest_route=%2Fwp%2Fv2%2Fcomments&post=1821"}],"version-history":[{"count":5,"href":"https:\/\/i-stop.ro\/index.php?rest_route=\/wp\/v2\/pages\/1821\/revisions"}],"predecessor-version":[{"id":2025,"href":"https:\/\/i-stop.ro\/index.php?rest_route=\/wp\/v2\/pages\/1821\/revisions\/2025"}],"up":[{"embeddable":true,"href":"https:\/\/i-stop.ro\/index.php?rest_route=\/wp\/v2\/pages\/23"}],"wp:attachment":[{"href":"https:\/\/i-stop.ro\/index.php?rest_route=%2Fwp%2Fv2%2Fmedia&parent=1821"}],"curies":[{"name":"wp","href":"https:\/\/api.w.org\/{rel}","templated":true}]}}