{"id":1603,"date":"2020-03-13T13:54:09","date_gmt":"2020-03-13T13:54:09","guid":{"rendered":"https:\/\/ld-wp73.template-help.com\/wordpress\/prod_3272\/v1\/?page_id=1603"},"modified":"2020-06-02T18:10:19","modified_gmt":"2020-06-02T18:10:19","slug":"imobil-de-locuit","status":"publish","type":"page","link":"https:\/\/i-stop.ro\/?page_id=1603","title":{"rendered":"Imobil de locuit"},"content":{"rendered":"\t\t<div data-elementor-type=\"wp-page\" data-elementor-id=\"1603\" class=\"elementor elementor-1603\" data-elementor-settings=\"[]\">\n\t\t\t\t\t\t<div class=\"elementor-inner\">\n\t\t\t\t\t\t\t<div class=\"elementor-section-wrap\">\n\t\t\t\t\t\t\t<section class=\"elementor-section elementor-top-section elementor-element elementor-element-a1d274d elementor-section-boxed elementor-section-height-default elementor-section-height-default\" data-id=\"a1d274d\" data-element_type=\"section\">\n\t\t\t\t\t\t<div class=\"elementor-container elementor-column-gap-default\">\n\t\t\t\t\t\t\t<div class=\"elementor-row\">\n\t\t\t\t\t<div class=\"elementor-column elementor-col-100 elementor-top-column elementor-element elementor-element-31f915a\" data-id=\"31f915a\" data-element_type=\"column\">\n\t\t\t<div class=\"elementor-column-wrap elementor-element-populated\">\n\t\t\t\t\t\t\t<div class=\"elementor-widget-wrap\">\n\t\t\t\t\t\t<div class=\"elementor-element elementor-element-1b03ad1 elementor-widget elementor-widget-heading\" data-id=\"1b03ad1\" data-element_type=\"widget\" data-widget_type=\"heading.default\">\n\t\t\t\t<div class=\"elementor-widget-container\">\n\t\t\t<h1 class=\"elementor-heading-title elementor-size-default\">IMOBIL DE LOCUIT<\/h1>\t\t<\/div>\n\t\t\t\t<\/div>\n\t\t\t\t<div class=\"elementor-element elementor-element-bedd3f2 elementor-widget elementor-widget-jet-slider\" data-id=\"bedd3f2\" data-element_type=\"widget\" data-widget_type=\"jet-slider.default\">\n\t\t\t\t<div class=\"elementor-widget-container\">\n\t\t\t<div class=\"elementor-jet-slider jet-elements\">\n<div class=\"jet-slider jet-slider__image-exact\" data-settings='{\"sliderWidth\":{\"unit\":\"%\",\"size\":100,\"sizes\":[]},\"sliderHeight\":{\"unit\":\"px\",\"size\":805,\"sizes\":[]},\"sliderHeightTablet\":{\"unit\":\"px\",\"size\":500,\"sizes\":[]},\"sliderHeightMobile\":{\"unit\":\"px\",\"size\":350,\"sizes\":[]},\"sliderNavigation\":true,\"sliderNavigationIcon\":\"jet-slider__arrow-icon-bedd3f2\",\"sliderNaviOnHover\":false,\"sliderPagination\":false,\"sliderAutoplay\":false,\"sliderAutoplayDelay\":5000,\"sliderAutoplayOnHover\":\"pause\",\"sliderFullScreen\":true,\"sliderFullscreenIcon\":\"jet-slider__fullscreen-icon-bedd3f2\",\"sliderShuffle\":false,\"sliderLoop\":true,\"sliderFadeMode\":false,\"slideDistance\":{\"unit\":\"px\",\"size\":0,\"sizes\":[]},\"slideDuration\":500,\"imageScaleMode\":\"exact\",\"thumbnails\":true,\"thumbnailWidth\":200,\"thumbnailWidthTablet\":120,\"thumbnailWidthMobile\":60,\"thumbnailHeight\":130,\"thumbnailHeightTablet\":90,\"thumbnailHeightMobile\":60,\"rightToLeft\":false}'>\n\t\n<div class=\"slider-pro\"><div class=\"jet-slider__arrow-icon-bedd3f2 hidden-html\"><i aria-hidden=\"true\" class=\"nc-icon-outline arrows-1_minimal-left\"><\/i><\/div><div class=\"jet-slider__fullscreen-icon-bedd3f2 hidden-html\"><\/div><div class=\"jet-slider__items sp-slides\">\n\n<div class=\"jet-slider__item sp-slide\"><img class=\"sp-image\" src=\"https:\/\/i-stop.ro\/wp-content\/uploads\/2020\/06\/1_casa_knx_bucuresti.jpg\" alt=\"1_casa_knx_bucuresti\"><img class=\"sp-thumbnail\" src=\"https:\/\/i-stop.ro\/wp-content\/uploads\/2020\/06\/1_casa_knx_bucuresti-150x150.jpg\" alt=\"1_casa_knx_bucuresti\"><div class=\"jet-slider__content sp-layer\" data-position=\"centerCenter\" data-width=\"100%\" data-height=\"100%\" data-horizontal=\"0%\" data-show-transition=\"up\" data-show-duration=\"400\" data-show-delay=\"400\">\n\t\t<div class=\"jet-slider__content-item\">\n\t\t\t<div class=\"jet-slider__content-inner\">\n\t\t\t\t\t\t<div class=\"jet-slider__button-wrapper\">\t\t\t\t\t\t<\/div><\/div>\n\t\t<\/div>\n\t<\/div>\n<\/div>\n\n<div class=\"jet-slider__item sp-slide\"><img class=\"sp-image\" src=\"https:\/\/i-stop.ro\/wp-content\/uploads\/2020\/06\/2_casa_knx_bucuresti.jpg\" alt=\"2_casa_knx_bucuresti\"><img class=\"sp-thumbnail\" src=\"https:\/\/i-stop.ro\/wp-content\/uploads\/2020\/06\/2_casa_knx_bucuresti-150x150.jpg\" alt=\"2_casa_knx_bucuresti\"><div class=\"jet-slider__content sp-layer\" data-position=\"centerCenter\" data-width=\"100%\" data-height=\"100%\" data-horizontal=\"0%\" data-show-transition=\"up\" data-show-duration=\"400\" data-show-delay=\"400\">\n\t\t<div class=\"jet-slider__content-item\">\n\t\t\t<div class=\"jet-slider__content-inner\">\n\t\t\t\t\t\t<div class=\"jet-slider__button-wrapper\">\t\t\t\t\t\t<\/div><\/div>\n\t\t<\/div>\n\t<\/div>\n<\/div>\n\n<div class=\"jet-slider__item sp-slide\"><img class=\"sp-image\" src=\"https:\/\/i-stop.ro\/wp-content\/uploads\/2020\/06\/4_casa_knx.png\" alt=\"4_casa_knx\"><img class=\"sp-thumbnail\" src=\"https:\/\/i-stop.ro\/wp-content\/uploads\/2020\/06\/4_casa_knx-150x150.png\" alt=\"4_casa_knx\"><div class=\"jet-slider__content sp-layer\" data-position=\"centerCenter\" data-width=\"100%\" data-height=\"100%\" data-horizontal=\"0%\" data-show-transition=\"up\" data-show-duration=\"400\" data-show-delay=\"400\">\n\t\t<div class=\"jet-slider__content-item\">\n\t\t\t<div class=\"jet-slider__content-inner\">\n\t\t\t\t\t\t<div class=\"jet-slider__button-wrapper\">\t\t\t\t\t\t<\/div><\/div>\n\t\t<\/div>\n\t<\/div>\n<\/div>\n\n<div class=\"jet-slider__item sp-slide\"><img class=\"sp-image\" src=\"https:\/\/i-stop.ro\/wp-content\/uploads\/2020\/06\/3_casa_knx.png\" alt=\"3_casa_knx\"><img class=\"sp-thumbnail\" src=\"https:\/\/i-stop.ro\/wp-content\/uploads\/2020\/06\/3_casa_knx-150x150.png\" alt=\"3_casa_knx\"><div class=\"jet-slider__content sp-layer\" data-position=\"centerCenter\" data-width=\"100%\" data-height=\"100%\" data-horizontal=\"0%\" data-show-transition=\"up\" data-show-duration=\"400\" data-show-delay=\"400\">\n\t\t<div class=\"jet-slider__content-item\">\n\t\t\t<div class=\"jet-slider__content-inner\">\n\t\t\t\t\t\t<div class=\"jet-slider__button-wrapper\">\t\t\t\t\t\t<\/div><\/div>\n\t\t<\/div>\n\t<\/div>\n<\/div>\n\n<\/div>\n<\/div>\n<\/div>\n<\/div>\t\t<\/div>\n\t\t\t\t<\/div>\n\t\t\t\t\t\t<\/div>\n\t\t\t\t\t<\/div>\n\t\t<\/div>\n\t\t\t\t\t\t\t\t<\/div>\n\t\t\t\t\t<\/div>\n\t\t<\/section>\n\t\t\t\t<section class=\"elementor-section elementor-top-section elementor-element elementor-element-dbc3297 elementor-section-boxed elementor-section-height-default elementor-section-height-default\" data-id=\"dbc3297\" data-element_type=\"section\">\n\t\t\t\t\t\t<div class=\"elementor-container elementor-column-gap-default\">\n\t\t\t\t\t\t\t<div class=\"elementor-row\">\n\t\t\t\t\t<div class=\"elementor-column elementor-col-50 elementor-top-column elementor-element elementor-element-1d1ae21\" data-id=\"1d1ae21\" data-element_type=\"column\">\n\t\t\t<div class=\"elementor-column-wrap elementor-element-populated\">\n\t\t\t\t\t\t\t<div class=\"elementor-widget-wrap\">\n\t\t\t\t\t\t<div class=\"elementor-element elementor-element-f72d917 elementor-widget elementor-widget-text-editor\" data-id=\"f72d917\" data-element_type=\"widget\" data-widget_type=\"text-editor.default\">\n\t\t\t\t<div class=\"elementor-widget-container\">\n\t\t\t\t\t<div class=\"elementor-text-editor elementor-clearfix\"><p>Propietar:<\/p><\/div>\n\t\t\t\t<\/div>\n\t\t\t\t<\/div>\n\t\t\t\t<div class=\"elementor-element elementor-element-3d02e65 elementor-widget elementor-widget-text-editor\" data-id=\"3d02e65\" data-element_type=\"widget\" data-widget_type=\"text-editor.default\">\n\t\t\t\t<div class=\"elementor-widget-container\">\n\t\t\t\t\t<div class=\"elementor-text-editor elementor-clearfix\"><p>Persoan\u0103 fizic\u0103<\/p><\/div>\n\t\t\t\t<\/div>\n\t\t\t\t<\/div>\n\t\t\t\t<div class=\"elementor-element elementor-element-c1a6901 elementor-widget elementor-widget-text-editor\" data-id=\"c1a6901\" data-element_type=\"widget\" data-widget_type=\"text-editor.default\">\n\t\t\t\t<div class=\"elementor-widget-container\">\n\t\t\t\t\t<div class=\"elementor-text-editor elementor-clearfix\"><p><span style=\"letter-spacing: 0px;\">Tipul contractului<\/span>:<\/p><\/div>\n\t\t\t\t<\/div>\n\t\t\t\t<\/div>\n\t\t\t\t<div class=\"elementor-element elementor-element-3d0ae98 elementor-widget elementor-widget-text-editor\" data-id=\"3d0ae98\" data-element_type=\"widget\" data-widget_type=\"text-editor.default\">\n\t\t\t\t<div class=\"elementor-widget-container\">\n\t\t\t\t\t<div class=\"elementor-text-editor elementor-clearfix\"><p>Consultan\u021b\u0103, cablaje, montaj \u0219i implementare sistem KNX.<\/p><\/div>\n\t\t\t\t<\/div>\n\t\t\t\t<\/div>\n\t\t\t\t<div class=\"elementor-element elementor-element-e7c9ca3 elementor-widget elementor-widget-text-editor\" data-id=\"e7c9ca3\" data-element_type=\"widget\" data-widget_type=\"text-editor.default\">\n\t\t\t\t<div class=\"elementor-widget-container\">\n\t\t\t\t\t<div class=\"elementor-text-editor elementor-clearfix\"><p>Loca\u021bie:<\/p><\/div>\n\t\t\t\t<\/div>\n\t\t\t\t<\/div>\n\t\t\t\t<div class=\"elementor-element elementor-element-98c7608 elementor-widget elementor-widget-text-editor\" data-id=\"98c7608\" data-element_type=\"widget\" data-widget_type=\"text-editor.default\">\n\t\t\t\t<div class=\"elementor-widget-container\">\n\t\t\t\t\t<div class=\"elementor-text-editor elementor-clearfix\"><p>Bucure\u0219ti<\/p><\/div>\n\t\t\t\t<\/div>\n\t\t\t\t<\/div>\n\t\t\t\t\t\t<\/div>\n\t\t\t\t\t<\/div>\n\t\t<\/div>\n\t\t\t\t<div class=\"elementor-column elementor-col-50 elementor-top-column elementor-element elementor-element-40871e7\" data-id=\"40871e7\" data-element_type=\"column\">\n\t\t\t<div class=\"elementor-column-wrap elementor-element-populated\">\n\t\t\t\t\t\t\t<div class=\"elementor-widget-wrap\">\n\t\t\t\t\t\t<div class=\"elementor-element elementor-element-61c6a73 elementor-widget elementor-widget-text-editor\" data-id=\"61c6a73\" data-element_type=\"widget\" data-widget_type=\"text-editor.default\">\n\t\t\t\t<div class=\"elementor-widget-container\">\n\t\t\t\t\t<div class=\"elementor-text-editor elementor-clearfix\"><div><div><div>O casa echipat\u0103 cu cele mai noi tehnologii \u00een ceea ce priveste controlul, confortul si eficien\u021ba energetica.<\/div><div>\u00a0<\/div><div>Un bun exemplu de dezvoltare urbana \u00een str\u00e2nsa armonie cu natura.<\/div><div>\u00a0<\/div><div>Acesta cl\u0103dire este echipat\u0103 cu o tehnologie de control bazat\u0103 pe standardul KNX \u0219i care permite: controlul iluminatului, controlul sistemelor de umbrire, controlul climatiz\u0103rii, controlul ventila\u021biei, controlul multimedia si al zonei SPA precum \u0219i o capacitate fotovoltaic\u0103 de 8000Wp.<\/div><\/div><\/div><\/div>\n\t\t\t\t<\/div>\n\t\t\t\t<\/div>\n\t\t\t\t\t\t<\/div>\n\t\t\t\t\t<\/div>\n\t\t<\/div>\n\t\t\t\t\t\t\t\t<\/div>\n\t\t\t\t\t<\/div>\n\t\t<\/section>\n\t\t\t\t\t\t<\/div>\n\t\t\t\t\t\t<\/div>\n\t\t\t\t\t<\/div>\n\t\t","protected":false},"excerpt":{"rendered":"<p>IMOBIL DE LOCUIT Propietar: Persoan\u0103 fizic\u0103 Tipul contractului: Consultan\u021b\u0103, cablaje, montaj \u0219i implementare sistem KNX. Loca\u021bie: Bucure\u0219ti O casa echipat\u0103 cu cele mai noi tehnologii \u00een ceea ce priveste controlul, confortul si eficien\u021ba energetica.\u00a0Un bun exemplu de dezvoltare urbana \u00een str\u00e2nsa armonie cu natura.\u00a0Acesta cl\u0103dire este echipat\u0103 cu o tehnologie de control bazat\u0103 pe standardul [&hellip;]<\/p>\n","protected":false},"author":1,"featured_media":0,"parent":403,"menu_order":0,"comment_status":"closed","ping_status":"closed","template":"page-templates\/fullwidth-content.php","meta":[],"_links":{"self":[{"href":"https:\/\/i-stop.ro\/index.php?rest_route=\/wp\/v2\/pages\/1603"}],"collection":[{"href":"https:\/\/i-stop.ro\/index.php?rest_route=\/wp\/v2\/pages"}],"about":[{"href":"https:\/\/i-stop.ro\/index.php?rest_route=\/wp\/v2\/types\/page"}],"author":[{"embeddable":true,"href":"https:\/\/i-stop.ro\/index.php?rest_route=\/wp\/v2\/users\/1"}],"replies":[{"embeddable":true,"href":"https:\/\/i-stop.ro\/index.php?rest_route=%2Fwp%2Fv2%2Fcomments&post=1603"}],"version-history":[{"count":7,"href":"https:\/\/i-stop.ro\/index.php?rest_route=\/wp\/v2\/pages\/1603\/revisions"}],"predecessor-version":[{"id":2113,"href":"https:\/\/i-stop.ro\/index.php?rest_route=\/wp\/v2\/pages\/1603\/revisions\/2113"}],"up":[{"embeddable":true,"href":"https:\/\/i-stop.ro\/index.php?rest_route=\/wp\/v2\/pages\/403"}],"wp:attachment":[{"href":"https:\/\/i-stop.ro\/index.php?rest_route=%2Fwp%2Fv2%2Fmedia&parent=1603"}],"curies":[{"name":"wp","href":"https:\/\/api.w.org\/{rel}","templated":true}]}}